{"id":19,"date":"2025-06-06T19:09:10","date_gmt":"2025-06-06T19:09:10","guid":{"rendered":"https:\/\/aguapurificadallahuimavida.cl\/?page_id=19"},"modified":"2025-06-11T16:05:05","modified_gmt":"2025-06-11T16:05:05","slug":"inicio","status":"publish","type":"page","link":"https:\/\/aguapurificadallahuimavida.cl\/","title":{"rendered":"Inicio"},"content":{"rendered":"\t\t<div data-elementor-type=\"wp-page\" data-elementor-id=\"19\" class=\"elementor elementor-19\" data-elementor-post-type=\"page\">\n\t\t\t\t<div class=\"elementor-element elementor-element-347ce392 e-flex e-con-boxed e-con e-parent\" data-id=\"347ce392\" data-element_type=\"container\" data-settings=\"{&quot;background_background&quot;:&quot;gradient&quot;}\">\n\t\t\t\t\t<div class=\"e-con-inner\">\n\t\t\t\t\t<\/div>\n\t\t\t\t<\/div>\n\t\t<div class=\"elementor-element elementor-element-e6bf834 e-con-full e-flex e-con e-parent\" data-id=\"e6bf834\" data-element_type=\"container\">\n\t\t\t\t<div class=\"elementor-element elementor-element-49b5277 elementor-widget elementor-widget-slider_revolution\" data-id=\"49b5277\" data-element_type=\"widget\" data-widget_type=\"slider_revolution.default\">\n\t\t\t\t<div class=\"elementor-widget-container\">\n\t\t\t\t\t\n\t\t<div class=\"wp-block-themepunch-revslider\">\n\t\t\t\t<p class=\"rs-p-wp-fix\"><\/p>\n\t\t\t\t<sr7-module data-alias=\"slide-llahuimavida-1\" data-id=\"3\" id=\"SR7_3_1\" class=\"rs-ov-hidden\" data-version=\"6.7.32\">\n\t\t\t\t\t<sr7-adjuster><\/sr7-adjuster>\n\t\t\t\t\t<sr7-content>\n\t\t\t\t\t\t<sr7-slide id=\"SR7_3_1-5\" data-key=\"5\">\n\t\t\t\t\t\t\t<sr7-txt id=\"SR7_3_1-5-1\" class=\"sr7-layer\">Desde la monta\u00f1a directo a tu puerta<\/sr7-txt>\n\t\t\t\t\t\t<\/sr7-slide>\n\t\t\t\t\t\t<sr7-slide id=\"SR7_3_1-6\" data-key=\"6\">\n\t\t\t\t\t\t<\/sr7-slide>\n\t\t\t\t\t<\/sr7-content>\n\t\t\t\t\t<image_lists style=\"display:none\">\n\t\t\t\t\t\t<img data-src=\"\/\/aguapurificadallahuimavida.cl\/wp-content\/uploads\/2025\/06\/logo2-e1749257682674.png\" data-libid=\"79\" data-lib=\"medialibrary\" title=\"logo2\" width=\"0\" height=\"0\" data-dbsrc=\"Ly9hZ3VhcHVyaWZpY2FkYWxsYWh1aW1hdmlkYS5jbC93cC1jb250ZW50L3VwbG9hZHMvMjAyNS8wNi9sb2dvMi1lMTc0OTI1NzY4MjY3NC5wbmc=\"\/>\n\t\t\t\t\t\t<img data-src=\"\/\/aguapurificadallahuimavida.cl\/wp-content\/uploads\/2025\/06\/aguacertificada2.jpg\" data-libid=\"447\" data-lib=\"medialibrary\" title=\"aguacertificada2\" width=\"0\" height=\"0\" data-dbsrc=\"Ly9hZ3VhcHVyaWZpY2FkYWxsYWh1aW1hdmlkYS5jbC93cC1jb250ZW50L3VwbG9hZHMvMjAyNS8wNi9hZ3VhY2VydGlmaWNhZGEyLmpwZw==\"\/>\n\t\t\t\t\t<\/image_lists>\n\t\t\t\t<\/sr7-module>\n\t\t\t\t<script>\n\t\t\t\t\tSR7.PMH ??={}; SR7.PMH[\"SR7_3_1\"] = {cn:100,state:false,fn: function() { if (_tpt!==undefined && _tpt.prepareModuleHeight !== undefined) {  _tpt.prepareModuleHeight({id:\"SR7_3_1\",el:[600,600,600,960,800],type:'standard',shdw:'0',gh:[600,600,600,960,800],gw:[2000,2000,2000,778,600],vpt:['-100px&#039;,&#039;-100px&#039;,&#039;-100px&#039;,&#039;-100px&#039;,&#039;-100px'],size:{fullWidth:true, fullHeight:false},mh:'0',onh:0,onw:0,bg:{color:'{\"orig\":\"transparent\",\"type\":\"solid\",\"string\":\"transparent\"}'}});   SR7.PMH[\"SR7_3_1\"].state=true;} else if(SR7.PMH[\"SR7_3_1\"].cn-->0)\tsetTimeout( SR7.PMH[\"SR7_3_1\"].fn,19);}};SR7.PMH[\"SR7_3_1\" ].fn();\n\t\t\t\t<\/script>\n<\/div>\n\n\t\t\t\t\t\t<\/div>\n\t\t\t\t<\/div>\n\t\t\t\t<\/div>\n\t\t<div class=\"elementor-element elementor-element-ee0a7c1 e-flex e-con-boxed e-con e-parent\" data-id=\"ee0a7c1\" data-element_type=\"container\">\n\t\t\t\t\t<div class=\"e-con-inner\">\n\t\t<div class=\"elementor-element elementor-element-e811db6 e-con-full elementor-hidden-tablet elementor-hidden-mobile e-flex e-con e-child\" data-id=\"e811db6\" data-element_type=\"container\">\n\t\t\t\t<div class=\"elementor-element elementor-element-c4fad33 elementor-widget elementor-widget-image\" data-id=\"c4fad33\" data-element_type=\"widget\" data-widget_type=\"image.default\">\n\t\t\t\t<div class=\"elementor-widget-container\">\n\t\t\t\t\t\t\t\t\t\t\t\t\t\t\t<img fetchpriority=\"high\" decoding=\"async\" width=\"800\" height=\"800\" src=\"https:\/\/aguapurificadallahuimavida.cl\/wp-content\/uploads\/2025\/06\/botellonllahuimavida4-1024x1024.png\" class=\"attachment-large size-large wp-image-457\" alt=\"\" srcset=\"https:\/\/aguapurificadallahuimavida.cl\/wp-content\/uploads\/2025\/06\/botellonllahuimavida4-1024x1024.png 1024w, https:\/\/aguapurificadallahuimavida.cl\/wp-content\/uploads\/2025\/06\/botellonllahuimavida4-300x300.png 300w, https:\/\/aguapurificadallahuimavida.cl\/wp-content\/uploads\/2025\/06\/botellonllahuimavida4-150x150.png 150w, https:\/\/aguapurificadallahuimavida.cl\/wp-content\/uploads\/2025\/06\/botellonllahuimavida4-768x768.png 768w, https:\/\/aguapurificadallahuimavida.cl\/wp-content\/uploads\/2025\/06\/botellonllahuimavida4.png 1080w\" sizes=\"(max-width: 800px) 100vw, 800px\" \/>\t\t\t\t\t\t\t\t\t\t\t\t\t\t\t<\/div>\n\t\t\t\t<\/div>\n\t\t\t\t<\/div>\n\t\t<div class=\"elementor-element elementor-element-90bb272 e-con-full e-flex e-con e-child\" data-id=\"90bb272\" data-element_type=\"container\">\n\t\t\t\t<div class=\"elementor-element elementor-element-84b06d1 elementor-widget elementor-widget-text-editor\" data-id=\"84b06d1\" data-element_type=\"widget\" data-widget_type=\"text-editor.default\">\n\t\t\t\t<div class=\"elementor-widget-container\">\n\t\t\t\t\t\t\t\t\t<p><img loading=\"lazy\" decoding=\"async\" class=\"wp-image-79 aligncenter\" src=\"https:\/\/aguapurificadallahuimavida.cl\/wp-content\/uploads\/2025\/06\/logo2-e1749257682674-300x207.png\" alt=\"\" width=\"256\" height=\"176\" srcset=\"https:\/\/aguapurificadallahuimavida.cl\/wp-content\/uploads\/2025\/06\/logo2-e1749257682674-300x207.png 300w, https:\/\/aguapurificadallahuimavida.cl\/wp-content\/uploads\/2025\/06\/logo2-e1749257682674-768x529.png 768w, https:\/\/aguapurificadallahuimavida.cl\/wp-content\/uploads\/2025\/06\/logo2-e1749257682674.png 800w\" sizes=\"(max-width: 256px) 100vw, 256px\" \/><\/p>\n<p style=\"text-align: justify;\"><strong data-start=\"93\" data-end=\"125\">Agua Purificada Llahuim\u00e1vida<\/strong> te entrega la pureza natural de la monta\u00f1a en cada gota. Nuestro producto est\u00e1 certificado, libre de sodio, az\u00facares y materiales pesados, ideal para el consumo diario de toda la familia. Repartimos a domicilio en <strong>San Carlos<\/strong> y alrededores todos los d\u00edas, asegurando frescura, salud y confianza en cada recarga.<\/p>\t\t\t\t\t\t\t\t<\/div>\n\t\t\t\t<\/div>\n\t\t\t\t<\/div>\n\t\t\t\t\t<\/div>\n\t\t\t\t<\/div>\n\t\t<div class=\"elementor-element elementor-element-068bbd4 e-flex e-con-boxed e-con e-parent\" data-id=\"068bbd4\" data-element_type=\"container\" data-settings=\"{&quot;background_background&quot;:&quot;gradient&quot;}\">\n\t\t\t\t\t<div class=\"e-con-inner\">\n\t\t\t\t<div class=\"elementor-element elementor-element-4f77b9d elementor-widget elementor-widget-heading\" data-id=\"4f77b9d\" data-element_type=\"widget\" data-widget_type=\"heading.default\">\n\t\t\t\t<div class=\"elementor-widget-container\">\n\t\t\t\t\t<h2 class=\"elementor-heading-title elementor-size-default\">Promociones Llahuimavida<\/h2>\t\t\t\t<\/div>\n\t\t\t\t<\/div>\n\t\t\t\t\t<\/div>\n\t\t\t\t<\/div>\n\t\t<div class=\"elementor-element elementor-element-7ac7d69 e-grid e-con-boxed e-con e-parent\" data-id=\"7ac7d69\" data-element_type=\"container\">\n\t\t\t\t\t<div class=\"e-con-inner\">\n\t\t<div class=\"elementor-element elementor-element-ba8e2bf e-grid e-con-full e-con e-child\" data-id=\"ba8e2bf\" data-element_type=\"container\">\n\t\t\t\t<div class=\"elementor-element elementor-element-3dd6564 elementor-widget elementor-widget-image\" data-id=\"3dd6564\" data-element_type=\"widget\" data-widget_type=\"image.default\">\n\t\t\t\t<div class=\"elementor-widget-container\">\n\t\t\t\t\t\t\t\t\t\t\t\t\t\t\t<img loading=\"lazy\" decoding=\"async\" width=\"800\" height=\"800\" src=\"https:\/\/aguapurificadallahuimavida.cl\/wp-content\/uploads\/2025\/06\/7-1024x1024.jpg\" class=\"attachment-large size-large wp-image-487\" alt=\"\" srcset=\"https:\/\/aguapurificadallahuimavida.cl\/wp-content\/uploads\/2025\/06\/7-1024x1024.jpg 1024w, https:\/\/aguapurificadallahuimavida.cl\/wp-content\/uploads\/2025\/06\/7-300x300.jpg 300w, https:\/\/aguapurificadallahuimavida.cl\/wp-content\/uploads\/2025\/06\/7-150x150.jpg 150w, https:\/\/aguapurificadallahuimavida.cl\/wp-content\/uploads\/2025\/06\/7-768x768.jpg 768w, https:\/\/aguapurificadallahuimavida.cl\/wp-content\/uploads\/2025\/06\/7.jpg 1080w\" sizes=\"(max-width: 800px) 100vw, 800px\" \/>\t\t\t\t\t\t\t\t\t\t\t\t\t\t\t<\/div>\n\t\t\t\t<\/div>\n\t\t\t\t<div class=\"elementor-element elementor-element-d67268e elementor-align-center elementor-widget elementor-widget-button\" data-id=\"d67268e\" data-element_type=\"widget\" data-widget_type=\"button.default\">\n\t\t\t\t<div class=\"elementor-widget-container\">\n\t\t\t\t\t\t\t\t\t<div class=\"elementor-button-wrapper\">\n\t\t\t\t\t<a class=\"elementor-button elementor-button-link elementor-size-sm\" href=\"https:\/\/wa.me\/56996458300?text=Hola%2C%20quiero%20pedir%20una%20recarga%20de%20agua%20purificada\">\n\t\t\t\t\t\t<span class=\"elementor-button-content-wrapper\">\n\t\t\t\t\t\t\t\t\t<span class=\"elementor-button-text\">Pedir recarga<\/span>\n\t\t\t\t\t<\/span>\n\t\t\t\t\t<\/a>\n\t\t\t\t<\/div>\n\t\t\t\t\t\t\t\t<\/div>\n\t\t\t\t<\/div>\n\t\t\t\t<\/div>\n\t\t<div class=\"elementor-element elementor-element-793ef75 e-grid e-con-full e-con e-child\" data-id=\"793ef75\" data-element_type=\"container\">\n\t\t\t\t<div class=\"elementor-element elementor-element-e2b0467 elementor-widget elementor-widget-image\" data-id=\"e2b0467\" data-element_type=\"widget\" data-widget_type=\"image.default\">\n\t\t\t\t<div class=\"elementor-widget-container\">\n\t\t\t\t\t\t\t\t\t\t\t\t\t\t\t<img loading=\"lazy\" decoding=\"async\" width=\"800\" height=\"800\" src=\"https:\/\/aguapurificadallahuimavida.cl\/wp-content\/uploads\/2025\/06\/4-1024x1024.jpg\" class=\"attachment-large size-large wp-image-481\" alt=\"\" srcset=\"https:\/\/aguapurificadallahuimavida.cl\/wp-content\/uploads\/2025\/06\/4-1024x1024.jpg 1024w, https:\/\/aguapurificadallahuimavida.cl\/wp-content\/uploads\/2025\/06\/4-300x300.jpg 300w, https:\/\/aguapurificadallahuimavida.cl\/wp-content\/uploads\/2025\/06\/4-150x150.jpg 150w, https:\/\/aguapurificadallahuimavida.cl\/wp-content\/uploads\/2025\/06\/4-768x768.jpg 768w, https:\/\/aguapurificadallahuimavida.cl\/wp-content\/uploads\/2025\/06\/4.jpg 1080w\" sizes=\"(max-width: 800px) 100vw, 800px\" \/>\t\t\t\t\t\t\t\t\t\t\t\t\t\t\t<\/div>\n\t\t\t\t<\/div>\n\t\t\t\t<div class=\"elementor-element elementor-element-29dbbab elementor-align-center elementor-widget elementor-widget-button\" data-id=\"29dbbab\" data-element_type=\"widget\" data-widget_type=\"button.default\">\n\t\t\t\t<div class=\"elementor-widget-container\">\n\t\t\t\t\t\t\t\t\t<div class=\"elementor-button-wrapper\">\n\t\t\t\t\t<a class=\"elementor-button elementor-button-link elementor-size-sm\" href=\"https:\/\/wa.me\/56996458300?text=Hola%2C%20quiero%20aprovechar%20la%20Promoci%C3%B3n%201%20de%20agua%20purificada\">\n\t\t\t\t\t\t<span class=\"elementor-button-content-wrapper\">\n\t\t\t\t\t\t\t\t\t<span class=\"elementor-button-text\">Pedir Promoci\u00f3n 1<\/span>\n\t\t\t\t\t<\/span>\n\t\t\t\t\t<\/a>\n\t\t\t\t<\/div>\n\t\t\t\t\t\t\t\t<\/div>\n\t\t\t\t<\/div>\n\t\t\t\t<\/div>\n\t\t<div class=\"elementor-element elementor-element-392950d e-grid e-con-full e-con e-child\" data-id=\"392950d\" data-element_type=\"container\">\n\t\t\t\t<div class=\"elementor-element elementor-element-e9129e7 elementor-widget elementor-widget-image\" data-id=\"e9129e7\" data-element_type=\"widget\" data-widget_type=\"image.default\">\n\t\t\t\t<div class=\"elementor-widget-container\">\n\t\t\t\t\t\t\t\t\t\t\t\t\t\t\t<img loading=\"lazy\" decoding=\"async\" width=\"800\" height=\"800\" src=\"https:\/\/aguapurificadallahuimavida.cl\/wp-content\/uploads\/2025\/06\/6-1024x1024.jpg\" class=\"attachment-large size-large wp-image-483\" alt=\"\" srcset=\"https:\/\/aguapurificadallahuimavida.cl\/wp-content\/uploads\/2025\/06\/6-1024x1024.jpg 1024w, https:\/\/aguapurificadallahuimavida.cl\/wp-content\/uploads\/2025\/06\/6-300x300.jpg 300w, https:\/\/aguapurificadallahuimavida.cl\/wp-content\/uploads\/2025\/06\/6-150x150.jpg 150w, https:\/\/aguapurificadallahuimavida.cl\/wp-content\/uploads\/2025\/06\/6-768x768.jpg 768w, https:\/\/aguapurificadallahuimavida.cl\/wp-content\/uploads\/2025\/06\/6.jpg 1080w\" sizes=\"(max-width: 800px) 100vw, 800px\" \/>\t\t\t\t\t\t\t\t\t\t\t\t\t\t\t<\/div>\n\t\t\t\t<\/div>\n\t\t\t\t<div class=\"elementor-element elementor-element-e8dbdd7 elementor-align-center elementor-widget elementor-widget-button\" data-id=\"e8dbdd7\" data-element_type=\"widget\" data-widget_type=\"button.default\">\n\t\t\t\t<div class=\"elementor-widget-container\">\n\t\t\t\t\t\t\t\t\t<div class=\"elementor-button-wrapper\">\n\t\t\t\t\t<a class=\"elementor-button elementor-button-link elementor-size-sm\" href=\"https:\/\/wa.me\/56996458300?text=Hola%2C%20quiero%20consultar%20por%20la%20Promoci%C3%B3n%202%20de%20agua%20purificada\">\n\t\t\t\t\t\t<span class=\"elementor-button-content-wrapper\">\n\t\t\t\t\t\t\t\t\t<span class=\"elementor-button-text\">Pedir Promoci\u00f3n 2<\/span>\n\t\t\t\t\t<\/span>\n\t\t\t\t\t<\/a>\n\t\t\t\t<\/div>\n\t\t\t\t\t\t\t\t<\/div>\n\t\t\t\t<\/div>\n\t\t\t\t<\/div>\n\t\t<div class=\"elementor-element elementor-element-ed4dcc0 e-grid e-con-full e-con e-child\" data-id=\"ed4dcc0\" data-element_type=\"container\">\n\t\t\t\t<div class=\"elementor-element elementor-element-e755e5b elementor-widget elementor-widget-image\" data-id=\"e755e5b\" data-element_type=\"widget\" data-widget_type=\"image.default\">\n\t\t\t\t<div class=\"elementor-widget-container\">\n\t\t\t\t\t\t\t\t\t\t\t\t\t\t\t<img loading=\"lazy\" decoding=\"async\" width=\"800\" height=\"800\" src=\"https:\/\/aguapurificadallahuimavida.cl\/wp-content\/uploads\/2025\/06\/5-1024x1024.jpg\" class=\"attachment-large size-large wp-image-482\" alt=\"\" srcset=\"https:\/\/aguapurificadallahuimavida.cl\/wp-content\/uploads\/2025\/06\/5-1024x1024.jpg 1024w, https:\/\/aguapurificadallahuimavida.cl\/wp-content\/uploads\/2025\/06\/5-300x300.jpg 300w, https:\/\/aguapurificadallahuimavida.cl\/wp-content\/uploads\/2025\/06\/5-150x150.jpg 150w, https:\/\/aguapurificadallahuimavida.cl\/wp-content\/uploads\/2025\/06\/5-768x768.jpg 768w, https:\/\/aguapurificadallahuimavida.cl\/wp-content\/uploads\/2025\/06\/5.jpg 1080w\" sizes=\"(max-width: 800px) 100vw, 800px\" \/>\t\t\t\t\t\t\t\t\t\t\t\t\t\t\t<\/div>\n\t\t\t\t<\/div>\n\t\t\t\t<div class=\"elementor-element elementor-element-400d737 elementor-align-center elementor-widget elementor-widget-button\" data-id=\"400d737\" data-element_type=\"widget\" data-widget_type=\"button.default\">\n\t\t\t\t<div class=\"elementor-widget-container\">\n\t\t\t\t\t\t\t\t\t<div class=\"elementor-button-wrapper\">\n\t\t\t\t\t<a class=\"elementor-button elementor-button-link elementor-size-sm\" href=\"https:\/\/wa.me\/56996458300?text=Hola%2C%20me%20interesa%20la%20Promoci%C3%B3n%203%20de%20agua%20purificada\">\n\t\t\t\t\t\t<span class=\"elementor-button-content-wrapper\">\n\t\t\t\t\t\t\t\t\t<span class=\"elementor-button-text\">Pedir Promoci\u00f3n 3<\/span>\n\t\t\t\t\t<\/span>\n\t\t\t\t\t<\/a>\n\t\t\t\t<\/div>\n\t\t\t\t\t\t\t\t<\/div>\n\t\t\t\t<\/div>\n\t\t\t\t<\/div>\n\t\t\t\t\t<\/div>\n\t\t\t\t<\/div>\n\t\t<div class=\"elementor-element elementor-element-9f4786f e-flex e-con-boxed e-con e-parent\" data-id=\"9f4786f\" data-element_type=\"container\" data-settings=\"{&quot;background_background&quot;:&quot;gradient&quot;}\">\n\t\t\t\t\t<div class=\"e-con-inner\">\n\t\t\t\t<div class=\"elementor-element elementor-element-65f6308 elementor-widget elementor-widget-heading\" data-id=\"65f6308\" data-element_type=\"widget\" data-widget_type=\"heading.default\">\n\t\t\t\t<div class=\"elementor-widget-container\">\n\t\t\t\t\t<h2 class=\"elementor-heading-title elementor-size-default\">Entregamos Agua Certificada<\/h2>\t\t\t\t<\/div>\n\t\t\t\t<\/div>\n\t\t\t\t\t<\/div>\n\t\t\t\t<\/div>\n\t\t<div class=\"elementor-element elementor-element-f64b649 e-flex e-con-boxed e-con e-parent\" data-id=\"f64b649\" data-element_type=\"container\">\n\t\t\t\t\t<div class=\"e-con-inner\">\n\t\t<div class=\"elementor-element elementor-element-8fb052d e-con-full e-flex e-con e-child\" data-id=\"8fb052d\" data-element_type=\"container\">\n\t\t\t\t<div class=\"elementor-element elementor-element-99f3989 elementor-align-right elementor-fixed e-transform elementor-widget elementor-widget-global elementor-global-411 elementor-widget-button\" data-id=\"99f3989\" data-element_type=\"widget\" data-settings=\"{&quot;_position&quot;:&quot;fixed&quot;,&quot;_transform_scale_effect&quot;:{&quot;unit&quot;:&quot;px&quot;,&quot;size&quot;:0.6999999999999999555910790149937383830547332763671875,&quot;sizes&quot;:[]},&quot;_transform_scale_effect_tablet&quot;:{&quot;unit&quot;:&quot;px&quot;,&quot;size&quot;:&quot;&quot;,&quot;sizes&quot;:[]},&quot;_transform_scale_effect_mobile&quot;:{&quot;unit&quot;:&quot;px&quot;,&quot;size&quot;:&quot;&quot;,&quot;sizes&quot;:[]}}\" data-widget_type=\"button.default\">\n\t\t\t\t<div class=\"elementor-widget-container\">\n\t\t\t\t\t\t\t\t\t<div class=\"elementor-button-wrapper\">\n\t\t\t\t\t<a class=\"elementor-button elementor-button-link elementor-size-sm\" href=\"https:\/\/wa.me\/56996458300?text=Hola%2C%20quiero%20pedir%20agua%20a%20domicilio\" target=\"_blank\">\n\t\t\t\t\t\t<span class=\"elementor-button-content-wrapper\">\n\t\t\t\t\t\t<span class=\"elementor-button-icon\">\n\t\t\t\t<svg aria-hidden=\"true\" class=\"e-font-icon-svg e-fab-whatsapp\" viewBox=\"0 0 448 512\" xmlns=\"http:\/\/www.w3.org\/2000\/svg\"><path d=\"M380.9 97.1C339 55.1 283.2 32 223.9 32c-122.4 0-222 99.6-222 222 0 39.1 10.2 77.3 29.6 111L0 480l117.7-30.9c32.4 17.7 68.9 27 106.1 27h.1c122.3 0 224.1-99.6 224.1-222 0-59.3-25.2-115-67.1-157zm-157 341.6c-33.2 0-65.7-8.9-94-25.7l-6.7-4-69.8 18.3L72 359.2l-4.4-7c-18.5-29.4-28.2-63.3-28.2-98.2 0-101.7 82.8-184.5 184.6-184.5 49.3 0 95.6 19.2 130.4 54.1 34.8 34.9 56.2 81.2 56.1 130.5 0 101.8-84.9 184.6-186.6 184.6zm101.2-138.2c-5.5-2.8-32.8-16.2-37.9-18-5.1-1.9-8.8-2.8-12.5 2.8-3.7 5.6-14.3 18-17.6 21.8-3.2 3.7-6.5 4.2-12 1.4-32.6-16.3-54-29.1-75.5-66-5.7-9.8 5.7-9.1 16.3-30.3 1.8-3.7.9-6.9-.5-9.7-1.4-2.8-12.5-30.1-17.1-41.2-4.5-10.8-9.1-9.3-12.5-9.5-3.2-.2-6.9-.2-10.6-.2-3.7 0-9.7 1.4-14.8 6.9-5.1 5.6-19.4 19-19.4 46.3 0 27.3 19.9 53.7 22.6 57.4 2.8 3.7 39.1 59.7 94.8 83.8 35.2 15.2 49 16.5 66.6 13.9 10.7-1.6 32.8-13.4 37.4-26.4 4.6-13 4.6-24.1 3.2-26.4-1.3-2.5-5-3.9-10.5-6.6z\"><\/path><\/svg>\t\t\t<\/span>\n\t\t\t\t\t\t\t\t<\/span>\n\t\t\t\t\t<\/a>\n\t\t\t\t<\/div>\n\t\t\t\t\t\t\t\t<\/div>\n\t\t\t\t<\/div>\n\t\t\t\t<div class=\"elementor-element elementor-element-82f5e12 elementor-widget elementor-widget-image\" data-id=\"82f5e12\" data-element_type=\"widget\" data-widget_type=\"image.default\">\n\t\t\t\t<div class=\"elementor-widget-container\">\n\t\t\t\t\t\t\t\t\t\t\t\t\t\t\t\t<a href=\"https:\/\/wa.me\/56996458300?text=Hola%2C%20quiero%20pedir%20agua%20a%20domicilio\">\n\t\t\t\t\t\t\t<img loading=\"lazy\" decoding=\"async\" width=\"800\" height=\"500\" src=\"https:\/\/aguapurificadallahuimavida.cl\/wp-content\/uploads\/2025\/06\/56-9-95715290-1-1-1024x640.jpg\" class=\"attachment-large size-large wp-image-373\" alt=\"\" srcset=\"https:\/\/aguapurificadallahuimavida.cl\/wp-content\/uploads\/2025\/06\/56-9-95715290-1-1-1024x640.jpg 1024w, https:\/\/aguapurificadallahuimavida.cl\/wp-content\/uploads\/2025\/06\/56-9-95715290-1-1-300x188.jpg 300w, https:\/\/aguapurificadallahuimavida.cl\/wp-content\/uploads\/2025\/06\/56-9-95715290-1-1-768x480.jpg 768w, https:\/\/aguapurificadallahuimavida.cl\/wp-content\/uploads\/2025\/06\/56-9-95715290-1-1.jpg 1200w\" sizes=\"(max-width: 800px) 100vw, 800px\" \/>\t\t\t\t\t\t\t\t<\/a>\n\t\t\t\t\t\t\t\t\t\t\t\t\t\t\t<\/div>\n\t\t\t\t<\/div>\n\t\t\t\t<\/div>\n\t\t<div class=\"elementor-element elementor-element-1621dad e-con-full e-flex e-con e-child\" data-id=\"1621dad\" data-element_type=\"container\">\n\t\t\t\t<div class=\"elementor-element elementor-element-de2806a elementor-widget elementor-widget-text-editor\" data-id=\"de2806a\" data-element_type=\"widget\" data-widget_type=\"text-editor.default\">\n\t\t\t\t<div class=\"elementor-widget-container\">\n\t\t\t\t\t\t\t\t\t<p>Disfruta de agua fresca, pura y saludable sin salir de casa. En <strong data-start=\"129\" data-end=\"161\">Agua Purificada Llahuim\u00e1vida<\/strong>, contamos con reparto a domicilio todos los d\u00edas, atendiendo hogares, oficinas e instituciones en <strong>San Carlos y alrededores<\/strong>. Nuestro equipo es puntual y comprometido, llevando hasta tu puerta bidones certificados que garantizan tu bienestar. Haz tus pedidos f\u00e1cilmente por WhatsApp, agenda en minutos y recibe la frescura de la monta\u00f1a en tu mesa. M\u00e1s de <strong>400 familias<\/strong> ya nos prefieren.<\/p>\t\t\t\t\t\t\t\t<\/div>\n\t\t\t\t<\/div>\n\t\t\t\t<\/div>\n\t\t\t\t\t<\/div>\n\t\t\t\t<\/div>\n\t\t<div class=\"elementor-element elementor-element-059a5fd e-grid e-con-boxed e-con e-parent\" data-id=\"059a5fd\" data-element_type=\"container\" data-settings=\"{&quot;background_background&quot;:&quot;classic&quot;}\">\n\t\t\t\t\t<div class=\"e-con-inner\">\n\t\t\t\t<div class=\"elementor-element elementor-element-db6d66f elementor-widget elementor-widget-text-editor\" data-id=\"db6d66f\" data-element_type=\"widget\" data-widget_type=\"text-editor.default\">\n\t\t\t\t<div class=\"elementor-widget-container\">\n\t\t\t\t\t\t\t\t\t<h3 style=\"text-align: justify;\">Horario de atenci\u00f3n<\/h3><p style=\"text-align: justify;\">es de <strong>lunes a s\u00e1bado, de 9:00 a 19:00 horas<\/strong>. Durante ese tiempo, realizamos repartos a domicilio y atenci\u00f3n directa en nuestro punto de venta en San Carlos.<\/p><p style=\"text-align: justify;\">\u00a1Estamos disponibles para ayudarte cuando m\u00e1s lo necesites!<\/p>\t\t\t\t\t\t\t\t<\/div>\n\t\t\t\t<\/div>\n\t\t\t\t<div class=\"elementor-element elementor-element-07a4941 elementor-widget elementor-widget-text-editor\" data-id=\"07a4941\" data-element_type=\"widget\" data-widget_type=\"text-editor.default\">\n\t\t\t\t<div class=\"elementor-widget-container\">\n\t\t\t\t\t\t\t\t\t<h3 style=\"text-align: justify;\">Cont\u00e1ctanos<\/h3><p style=\"text-align: justify;\"><strong>+569 96458300<\/strong><\/p><p style=\"text-align: justify;\">Tambi\u00e9n puedes visitarnos en<\/p><p style=\"text-align: justify;\"><strong>Ernesto Riquelme #485, San Carlos.<\/strong><\/p><p style=\"text-align: justify;\">Estamos siempre disponibles para entregarte agua purificada y un servicio cercano y confiable.<\/p>\t\t\t\t\t\t\t\t<\/div>\n\t\t\t\t<\/div>\n\t\t\t\t<div class=\"elementor-element elementor-element-5941a55 elementor-widget elementor-widget-html\" data-id=\"5941a55\" data-element_type=\"widget\" data-widget_type=\"html.default\">\n\t\t\t\t<div class=\"elementor-widget-container\">\n\t\t\t\t\t<iframe src=\"https:\/\/www.google.com\/maps\/embed?pb=!1m18!1m12!1m3!1d1048.0342006659864!2d-71.96031286709348!3d-36.42677553268677!2m3!1f0!2f0!3f0!3m2!1i1024!2i768!4f13.1!3m3!1m2!1s0x9668d3002b0355db%3A0x1919d06bece88624!2sAgua%20Purificada%20Llahuim%C3%A1vida!5e0!3m2!1ses!2scl!4v1749410081637!5m2!1ses!2scl\" width=\"600\" height=\"200\" style=\"border:0;\" allowfullscreen=\"\" loading=\"lazy\" referrerpolicy=\"no-referrer-when-downgrade\"><\/iframe>\t\t\t\t<\/div>\n\t\t\t\t<\/div>\n\t\t\t\t\t<\/div>\n\t\t\t\t<\/div>\n\t\t\t\t<\/div>\n\t\t","protected":false},"excerpt":{"rendered":"<p>Agua Purificada Llahuim\u00e1vida te entrega la pureza natural de la monta\u00f1a en cada gota. Nuestro producto est\u00e1 certificado, libre de sodio, az\u00facares y materiales pesados, ideal para el consumo diario de toda la familia. Repartimos a domicilio en San Carlos y alrededores todos los d\u00edas, asegurando frescura, salud y confianza en cada recarga. Promociones Llahuimavida [&hellip;]<\/p>\n","protected":false},"author":1,"featured_media":0,"parent":0,"menu_order":0,"comment_status":"closed","ping_status":"closed","template":"","meta":{"footnotes":""},"class_list":["post-19","page","type-page","status-publish","hentry"],"_links":{"self":[{"href":"https:\/\/aguapurificadallahuimavida.cl\/index.php\/wp-json\/wp\/v2\/pages\/19","targetHints":{"allow":["GET"]}}],"collection":[{"href":"https:\/\/aguapurificadallahuimavida.cl\/index.php\/wp-json\/wp\/v2\/pages"}],"about":[{"href":"https:\/\/aguapurificadallahuimavida.cl\/index.php\/wp-json\/wp\/v2\/types\/page"}],"author":[{"embeddable":true,"href":"https:\/\/aguapurificadallahuimavida.cl\/index.php\/wp-json\/wp\/v2\/users\/1"}],"replies":[{"embeddable":true,"href":"https:\/\/aguapurificadallahuimavida.cl\/index.php\/wp-json\/wp\/v2\/comments?post=19"}],"version-history":[{"count":325,"href":"https:\/\/aguapurificadallahuimavida.cl\/index.php\/wp-json\/wp\/v2\/pages\/19\/revisions"}],"predecessor-version":[{"id":634,"href":"https:\/\/aguapurificadallahuimavida.cl\/index.php\/wp-json\/wp\/v2\/pages\/19\/revisions\/634"}],"wp:attachment":[{"href":"https:\/\/aguapurificadallahuimavida.cl\/index.php\/wp-json\/wp\/v2\/media?parent=19"}],"curies":[{"name":"wp","href":"https:\/\/api.w.org\/{rel}","templated":true}]}}