{"id":303,"date":"2025-06-07T23:08:20","date_gmt":"2025-06-07T23:08:20","guid":{"rendered":"https:\/\/aguapurificadallahuimavida.cl\/?page_id=303"},"modified":"2025-06-10T03:09:39","modified_gmt":"2025-06-10T03:09:39","slug":"productos","status":"publish","type":"page","link":"https:\/\/aguapurificadallahuimavida.cl\/index.php\/productos\/","title":{"rendered":"Productos"},"content":{"rendered":"\t\t<div data-elementor-type=\"wp-page\" data-elementor-id=\"303\" class=\"elementor elementor-303\" data-elementor-post-type=\"page\">\n\t\t\t\t<div class=\"elementor-element elementor-element-57f7aad8 e-flex e-con-boxed e-con e-parent\" data-id=\"57f7aad8\" data-element_type=\"container\" data-settings=\"{&quot;background_background&quot;:&quot;gradient&quot;}\">\n\t\t\t\t\t<div class=\"e-con-inner\">\n\t\t\t\t<div class=\"elementor-element elementor-element-32b71dfa elementor-widget elementor-widget-heading\" data-id=\"32b71dfa\" data-element_type=\"widget\" data-widget_type=\"heading.default\">\n\t\t\t\t<div class=\"elementor-widget-container\">\n\t\t\t\t\t<h2 class=\"elementor-heading-title elementor-size-default\">Promociones Llahuimavida<\/h2>\t\t\t\t<\/div>\n\t\t\t\t<\/div>\n\t\t\t\t\t<\/div>\n\t\t\t\t<\/div>\n\t\t<div class=\"elementor-element elementor-element-49a863d6 e-grid e-con-boxed e-con e-parent\" data-id=\"49a863d6\" data-element_type=\"container\">\n\t\t\t\t\t<div class=\"e-con-inner\">\n\t\t<div class=\"elementor-element elementor-element-6bdd381e e-grid e-con-full e-con e-child\" data-id=\"6bdd381e\" data-element_type=\"container\">\n\t\t\t\t<div class=\"elementor-element elementor-element-35e178f3 elementor-widget elementor-widget-image\" data-id=\"35e178f3\" data-element_type=\"widget\" data-widget_type=\"image.default\">\n\t\t\t\t<div class=\"elementor-widget-container\">\n\t\t\t\t\t\t\t\t\t\t\t\t\t\t\t<img fetchpriority=\"high\" decoding=\"async\" width=\"800\" height=\"800\" src=\"https:\/\/aguapurificadallahuimavida.cl\/wp-content\/uploads\/2025\/06\/7-1024x1024.jpg\" class=\"attachment-large size-large wp-image-487\" alt=\"\" srcset=\"https:\/\/aguapurificadallahuimavida.cl\/wp-content\/uploads\/2025\/06\/7-1024x1024.jpg 1024w, https:\/\/aguapurificadallahuimavida.cl\/wp-content\/uploads\/2025\/06\/7-300x300.jpg 300w, https:\/\/aguapurificadallahuimavida.cl\/wp-content\/uploads\/2025\/06\/7-150x150.jpg 150w, https:\/\/aguapurificadallahuimavida.cl\/wp-content\/uploads\/2025\/06\/7-768x768.jpg 768w, https:\/\/aguapurificadallahuimavida.cl\/wp-content\/uploads\/2025\/06\/7.jpg 1080w\" sizes=\"(max-width: 800px) 100vw, 800px\" \/>\t\t\t\t\t\t\t\t\t\t\t\t\t\t\t<\/div>\n\t\t\t\t<\/div>\n\t\t\t\t<div class=\"elementor-element elementor-element-2c30383b elementor-align-center elementor-widget elementor-widget-button\" data-id=\"2c30383b\" data-element_type=\"widget\" data-widget_type=\"button.default\">\n\t\t\t\t<div class=\"elementor-widget-container\">\n\t\t\t\t\t\t\t\t\t<div class=\"elementor-button-wrapper\">\n\t\t\t\t\t<a class=\"elementor-button elementor-button-link elementor-size-sm\" href=\"https:\/\/wa.me\/56996458300?text=Hola%2C%20quiero%20pedir%20una%20recarga%20de%20agua%20purificada\">\n\t\t\t\t\t\t<span class=\"elementor-button-content-wrapper\">\n\t\t\t\t\t\t\t\t\t<span class=\"elementor-button-text\">Pedir recarga<\/span>\n\t\t\t\t\t<\/span>\n\t\t\t\t\t<\/a>\n\t\t\t\t<\/div>\n\t\t\t\t\t\t\t\t<\/div>\n\t\t\t\t<\/div>\n\t\t\t\t<\/div>\n\t\t<div class=\"elementor-element elementor-element-45247502 e-grid e-con-full e-con e-child\" data-id=\"45247502\" data-element_type=\"container\">\n\t\t\t\t<div class=\"elementor-element elementor-element-6fc72a0c elementor-widget elementor-widget-image\" data-id=\"6fc72a0c\" data-element_type=\"widget\" data-widget_type=\"image.default\">\n\t\t\t\t<div class=\"elementor-widget-container\">\n\t\t\t\t\t\t\t\t\t\t\t\t\t\t\t<img decoding=\"async\" width=\"800\" height=\"800\" src=\"https:\/\/aguapurificadallahuimavida.cl\/wp-content\/uploads\/2025\/06\/4-1024x1024.jpg\" class=\"attachment-large size-large wp-image-481\" alt=\"\" srcset=\"https:\/\/aguapurificadallahuimavida.cl\/wp-content\/uploads\/2025\/06\/4-1024x1024.jpg 1024w, https:\/\/aguapurificadallahuimavida.cl\/wp-content\/uploads\/2025\/06\/4-300x300.jpg 300w, https:\/\/aguapurificadallahuimavida.cl\/wp-content\/uploads\/2025\/06\/4-150x150.jpg 150w, https:\/\/aguapurificadallahuimavida.cl\/wp-content\/uploads\/2025\/06\/4-768x768.jpg 768w, https:\/\/aguapurificadallahuimavida.cl\/wp-content\/uploads\/2025\/06\/4.jpg 1080w\" sizes=\"(max-width: 800px) 100vw, 800px\" \/>\t\t\t\t\t\t\t\t\t\t\t\t\t\t\t<\/div>\n\t\t\t\t<\/div>\n\t\t\t\t<div class=\"elementor-element elementor-element-73392668 elementor-align-center elementor-widget elementor-widget-button\" data-id=\"73392668\" data-element_type=\"widget\" data-widget_type=\"button.default\">\n\t\t\t\t<div class=\"elementor-widget-container\">\n\t\t\t\t\t\t\t\t\t<div class=\"elementor-button-wrapper\">\n\t\t\t\t\t<a class=\"elementor-button elementor-button-link elementor-size-sm\" href=\"https:\/\/wa.me\/56996458300?text=Hola%2C%20quiero%20aprovechar%20la%20Promoci%C3%B3n%201%20de%20agua%20purificada\">\n\t\t\t\t\t\t<span class=\"elementor-button-content-wrapper\">\n\t\t\t\t\t\t\t\t\t<span class=\"elementor-button-text\">Pedir Promoci\u00f3n 1<\/span>\n\t\t\t\t\t<\/span>\n\t\t\t\t\t<\/a>\n\t\t\t\t<\/div>\n\t\t\t\t\t\t\t\t<\/div>\n\t\t\t\t<\/div>\n\t\t\t\t<\/div>\n\t\t<div class=\"elementor-element elementor-element-2586e687 e-grid e-con-full e-con e-child\" data-id=\"2586e687\" data-element_type=\"container\">\n\t\t\t\t<div class=\"elementor-element elementor-element-7663e604 elementor-widget elementor-widget-image\" data-id=\"7663e604\" data-element_type=\"widget\" data-widget_type=\"image.default\">\n\t\t\t\t<div class=\"elementor-widget-container\">\n\t\t\t\t\t\t\t\t\t\t\t\t\t\t\t<img decoding=\"async\" width=\"800\" height=\"800\" src=\"https:\/\/aguapurificadallahuimavida.cl\/wp-content\/uploads\/2025\/06\/6-1024x1024.jpg\" class=\"attachment-large size-large wp-image-483\" alt=\"\" srcset=\"https:\/\/aguapurificadallahuimavida.cl\/wp-content\/uploads\/2025\/06\/6-1024x1024.jpg 1024w, https:\/\/aguapurificadallahuimavida.cl\/wp-content\/uploads\/2025\/06\/6-300x300.jpg 300w, https:\/\/aguapurificadallahuimavida.cl\/wp-content\/uploads\/2025\/06\/6-150x150.jpg 150w, https:\/\/aguapurificadallahuimavida.cl\/wp-content\/uploads\/2025\/06\/6-768x768.jpg 768w, https:\/\/aguapurificadallahuimavida.cl\/wp-content\/uploads\/2025\/06\/6.jpg 1080w\" sizes=\"(max-width: 800px) 100vw, 800px\" \/>\t\t\t\t\t\t\t\t\t\t\t\t\t\t\t<\/div>\n\t\t\t\t<\/div>\n\t\t\t\t<div class=\"elementor-element elementor-element-696cfbb2 elementor-align-center elementor-widget elementor-widget-button\" data-id=\"696cfbb2\" data-element_type=\"widget\" data-widget_type=\"button.default\">\n\t\t\t\t<div class=\"elementor-widget-container\">\n\t\t\t\t\t\t\t\t\t<div class=\"elementor-button-wrapper\">\n\t\t\t\t\t<a class=\"elementor-button elementor-button-link elementor-size-sm\" href=\"https:\/\/wa.me\/56996458300?text=Hola%2C%20quiero%20consultar%20por%20la%20Promoci%C3%B3n%202%20de%20agua%20purificada\">\n\t\t\t\t\t\t<span class=\"elementor-button-content-wrapper\">\n\t\t\t\t\t\t\t\t\t<span class=\"elementor-button-text\">Pedir Promoci\u00f3n 2<\/span>\n\t\t\t\t\t<\/span>\n\t\t\t\t\t<\/a>\n\t\t\t\t<\/div>\n\t\t\t\t\t\t\t\t<\/div>\n\t\t\t\t<\/div>\n\t\t\t\t<\/div>\n\t\t<div class=\"elementor-element elementor-element-e1c1cfb e-grid e-con-full e-con e-child\" data-id=\"e1c1cfb\" data-element_type=\"container\">\n\t\t\t\t<div class=\"elementor-element elementor-element-26a6caa elementor-widget elementor-widget-image\" data-id=\"26a6caa\" data-element_type=\"widget\" data-widget_type=\"image.default\">\n\t\t\t\t<div class=\"elementor-widget-container\">\n\t\t\t\t\t\t\t\t\t\t\t\t\t\t\t<img loading=\"lazy\" decoding=\"async\" width=\"800\" height=\"800\" src=\"https:\/\/aguapurificadallahuimavida.cl\/wp-content\/uploads\/2025\/06\/5-1024x1024.jpg\" class=\"attachment-large size-large wp-image-482\" alt=\"\" srcset=\"https:\/\/aguapurificadallahuimavida.cl\/wp-content\/uploads\/2025\/06\/5-1024x1024.jpg 1024w, https:\/\/aguapurificadallahuimavida.cl\/wp-content\/uploads\/2025\/06\/5-300x300.jpg 300w, https:\/\/aguapurificadallahuimavida.cl\/wp-content\/uploads\/2025\/06\/5-150x150.jpg 150w, https:\/\/aguapurificadallahuimavida.cl\/wp-content\/uploads\/2025\/06\/5-768x768.jpg 768w, https:\/\/aguapurificadallahuimavida.cl\/wp-content\/uploads\/2025\/06\/5.jpg 1080w\" sizes=\"(max-width: 800px) 100vw, 800px\" \/>\t\t\t\t\t\t\t\t\t\t\t\t\t\t\t<\/div>\n\t\t\t\t<\/div>\n\t\t\t\t<div class=\"elementor-element elementor-element-7d42ab8f elementor-align-center elementor-widget elementor-widget-button\" data-id=\"7d42ab8f\" data-element_type=\"widget\" data-widget_type=\"button.default\">\n\t\t\t\t<div class=\"elementor-widget-container\">\n\t\t\t\t\t\t\t\t\t<div class=\"elementor-button-wrapper\">\n\t\t\t\t\t<a class=\"elementor-button elementor-button-link elementor-size-sm\" href=\"https:\/\/wa.me\/56996458300?text=Hola%2C%20me%20interesa%20la%20Promoci%C3%B3n%203%20de%20agua%20purificada\">\n\t\t\t\t\t\t<span class=\"elementor-button-content-wrapper\">\n\t\t\t\t\t\t\t\t\t<span class=\"elementor-button-text\">Pedir Promoci\u00f3n 3<\/span>\n\t\t\t\t\t<\/span>\n\t\t\t\t\t<\/a>\n\t\t\t\t<\/div>\n\t\t\t\t\t\t\t\t<\/div>\n\t\t\t\t<\/div>\n\t\t\t\t<\/div>\n\t\t\t\t\t<\/div>\n\t\t\t\t<\/div>\n\t\t<div class=\"elementor-element elementor-element-10780e5f e-grid e-con-boxed e-con e-parent\" data-id=\"10780e5f\" data-element_type=\"container\" data-settings=\"{&quot;background_background&quot;:&quot;classic&quot;}\">\n\t\t\t\t\t<div class=\"e-con-inner\">\n\t\t\t\t<div class=\"elementor-element elementor-element-73e06248 elementor-widget elementor-widget-text-editor\" data-id=\"73e06248\" data-element_type=\"widget\" data-widget_type=\"text-editor.default\">\n\t\t\t\t<div class=\"elementor-widget-container\">\n\t\t\t\t\t\t\t\t\t<h3 style=\"text-align: justify;\">Horario de atenci\u00f3n<\/h3><p style=\"text-align: justify;\">es de <strong>lunes a s\u00e1bado, de 9:00 a 19:00 horas<\/strong>. Durante ese tiempo, realizamos repartos a domicilio y atenci\u00f3n directa en nuestro punto de venta en San Carlos.<\/p><p style=\"text-align: justify;\">\u00a1Estamos disponibles para ayudarte cuando m\u00e1s lo necesites!<\/p>\t\t\t\t\t\t\t\t<\/div>\n\t\t\t\t<\/div>\n\t\t\t\t<div class=\"elementor-element elementor-element-161b3912 elementor-widget elementor-widget-text-editor\" data-id=\"161b3912\" data-element_type=\"widget\" data-widget_type=\"text-editor.default\">\n\t\t\t\t<div class=\"elementor-widget-container\">\n\t\t\t\t\t\t\t\t\t<h3 style=\"text-align: justify;\">Cont\u00e1ctanos<\/h3><p style=\"text-align: justify;\"><strong>+56 9 9571 5290<\/strong>.<\/p><p style=\"text-align: justify;\">Tambi\u00e9n puedes visitarnos en<\/p><p style=\"text-align: justify;\"><strong>Ernesto Riquelme #485, San Carlos.<\/strong><\/p><p style=\"text-align: justify;\">Estamos siempre disponibles para entregarte agua purificada y un servicio cercano y confiable.<\/p>\t\t\t\t\t\t\t\t<\/div>\n\t\t\t\t<\/div>\n\t\t\t\t<div class=\"elementor-element elementor-element-5daadaef elementor-widget elementor-widget-html\" data-id=\"5daadaef\" data-element_type=\"widget\" data-widget_type=\"html.default\">\n\t\t\t\t<div class=\"elementor-widget-container\">\n\t\t\t\t\t<iframe src=\"https:\/\/www.google.com\/maps\/embed?pb=!1m18!1m12!1m3!1d1048.0342006659864!2d-71.96031286709348!3d-36.42677553268677!2m3!1f0!2f0!3f0!3m2!1i1024!2i768!4f13.1!3m3!1m2!1s0x9668d3002b0355db%3A0x1919d06bece88624!2sAgua%20Purificada%20Llahuim%C3%A1vida!5e0!3m2!1ses!2scl!4v1749410081637!5m2!1ses!2scl\" width=\"600\" height=\"200\" style=\"border:0;\" allowfullscreen=\"\" loading=\"lazy\" referrerpolicy=\"no-referrer-when-downgrade\"><\/iframe>\t\t\t\t<\/div>\n\t\t\t\t<\/div>\n\t\t\t\t\t<\/div>\n\t\t\t\t<\/div>\n\t\t\t\t<\/div>\n\t\t","protected":false},"excerpt":{"rendered":"<p>Promociones Llahuimavida Pedir recarga Pedir Promoci\u00f3n 1 Pedir Promoci\u00f3n 2 Pedir Promoci\u00f3n 3 Horario de atenci\u00f3n es de lunes a s\u00e1bado, de 9:00 a 19:00 horas. Durante ese tiempo, realizamos repartos a domicilio y atenci\u00f3n directa en nuestro punto de venta en San Carlos. \u00a1Estamos disponibles para ayudarte cuando m\u00e1s lo necesites! Cont\u00e1ctanos +56 9 [&hellip;]<\/p>\n","protected":false},"author":1,"featured_media":0,"parent":0,"menu_order":0,"comment_status":"closed","ping_status":"closed","template":"","meta":{"footnotes":""},"class_list":["post-303","page","type-page","status-publish","hentry"],"_links":{"self":[{"href":"https:\/\/aguapurificadallahuimavida.cl\/index.php\/wp-json\/wp\/v2\/pages\/303","targetHints":{"allow":["GET"]}}],"collection":[{"href":"https:\/\/aguapurificadallahuimavida.cl\/index.php\/wp-json\/wp\/v2\/pages"}],"about":[{"href":"https:\/\/aguapurificadallahuimavida.cl\/index.php\/wp-json\/wp\/v2\/types\/page"}],"author":[{"embeddable":true,"href":"https:\/\/aguapurificadallahuimavida.cl\/index.php\/wp-json\/wp\/v2\/users\/1"}],"replies":[{"embeddable":true,"href":"https:\/\/aguapurificadallahuimavida.cl\/index.php\/wp-json\/wp\/v2\/comments?post=303"}],"version-history":[{"count":31,"href":"https:\/\/aguapurificadallahuimavida.cl\/index.php\/wp-json\/wp\/v2\/pages\/303\/revisions"}],"predecessor-version":[{"id":565,"href":"https:\/\/aguapurificadallahuimavida.cl\/index.php\/wp-json\/wp\/v2\/pages\/303\/revisions\/565"}],"wp:attachment":[{"href":"https:\/\/aguapurificadallahuimavida.cl\/index.php\/wp-json\/wp\/v2\/media?parent=303"}],"curies":[{"name":"wp","href":"https:\/\/api.w.org\/{rel}","templated":true}]}}